{"id":16638,"date":"2019-06-09T21:34:32","date_gmt":"2019-06-09T21:34:32","guid":{"rendered":"http:\/\/test.orgelbau-schulte.de\/?page_id=16638"},"modified":"2019-06-09T22:44:43","modified_gmt":"2019-06-09T22:44:43","slug":"team","status":"publish","type":"page","link":"http:\/\/orgelbau-schulte.de\/en\/team\/","title":{"rendered":"Team"},"content":{"rendered":"<div id=\"awsm-team-16627\" class=\"awsm-grid-wrapper\">\n\t\n\t\t<div class=''>\n\t\t<div class=\"gridder awsm-grid drawer-style style-1 grid-3-col\">\n\t\t\t\t\t\t<div id=\"awsm-member-16627-16628\" class=\"awsm-grid-list awsm-grid-card awsm-team-item awsm-scale-anm awsm-all\" data-griddercontent=\"#awsm-grid-content-16628\">\n\t\t\t\t\t<span class=\"awsm-team-link-control awsm-grid-list-item awsm-grid-list-item-16628\">\n\t\t\t\t\t\t<figure>\n\t\t\t\t\t\t<img width=\"500\" height=\"500\" src=\"http:\/\/orgelbau-schulte.de\/wp-content\/uploads\/2018\/07\/team-oliver-schulte-500x500.jpg\" class=\"attachment-awsm_team size-awsm_team wp-post-image\" alt=\"\" loading=\"lazy\" \/>\t\t\t\t\t\t\t<figcaption>\n\t\t\t\t\t\t\t\t<div class=\"awsm-personal-info\">\n\t\t\t\t\t\t\t\t<span>Master organ builder<\/span>\t\t\t\t\t\t\t\t\t<h3>Oliver Schulte<\/h3>\n\t\t\t\t\t\t\t\t<\/div>\n\t\t\t\t\t\t\t<\/figcaption>\n\t\t\t\t\t\t<\/figure>\n\t\t\t\t\t<\/span>\n\t\t\t\t<\/div>\n\t\t\t\t\t\t\t<div id=\"awsm-member-16627-16630\" class=\"awsm-grid-list awsm-grid-card awsm-team-item awsm-scale-anm awsm-all\" data-griddercontent=\"#awsm-grid-content-16630\">\n\t\t\t\t\t<span class=\"awsm-team-link-control awsm-grid-list-item awsm-grid-list-item-16630\">\n\t\t\t\t\t\t<figure>\n\t\t\t\t\t\t<img width=\"500\" height=\"500\" src=\"http:\/\/orgelbau-schulte.de\/wp-content\/uploads\/2018\/07\/team-sonja-fuessmann-500x500.jpg\" class=\"attachment-awsm_team size-awsm_team wp-post-image\" alt=\"\" loading=\"lazy\" \/>\t\t\t\t\t\t\t<figcaption>\n\t\t\t\t\t\t\t\t<div class=\"awsm-personal-info\">\n\t\t\t\t\t\t\t\t<span>Organ builder<\/span>\t\t\t\t\t\t\t\t\t<h3>Sonja F\u00fc\u00dfmann<\/h3>\n\t\t\t\t\t\t\t\t<\/div>\n\t\t\t\t\t\t\t<\/figcaption>\n\t\t\t\t\t\t<\/figure>\n\t\t\t\t\t<\/span>\n\t\t\t\t<\/div>\n\t\t\t\t\t\t\t<div id=\"awsm-member-16627-16637\" class=\"awsm-grid-list awsm-grid-card awsm-team-item awsm-scale-anm awsm-all\" data-griddercontent=\"#awsm-grid-content-16637\">\n\t\t\t\t\t<span class=\"awsm-team-link-control awsm-grid-list-item awsm-grid-list-item-16637\">\n\t\t\t\t\t\t<figure>\n\t\t\t\t\t\t<img src=\"http:\/\/orgelbau-schulte.de\/wp-content\/plugins\/awsm-team-pro\/images\/default-user.png\" alt=\"Siegfried Schulte\">\t\t\t\t\t\t\t<figcaption>\n\t\t\t\t\t\t\t\t<div class=\"awsm-personal-info\">\n\t\t\t\t\t\t\t\t<span>Founder<\/span>\t\t\t\t\t\t\t\t\t<h3>Siegfried Schulte<\/h3>\n\t\t\t\t\t\t\t\t<\/div>\n\t\t\t\t\t\t\t<\/figcaption>\n\t\t\t\t\t\t<\/figure>\n\t\t\t\t\t<\/span>\n\t\t\t\t<\/div>\n\t\t\t\t\t<\/div>\n\t\t<div class=\"awsm-grid-expander style-1\">\n\t\t\t\t\t\t<div id=\"awsm-member-info-16627-16628\"  class=\"awsm-grid-expander style-1\">\n\t\t\t\t<div class=\"awsm-detailed-info\" id=\"awsm-grid-content-16628\">\n\t\t\t\t\t<div class=\"awsm-details\">\n\t\t\t\t\t\t<div class=\"awsm-personal-details\">\n\t\t\t\t\t\t\t<div class=\"awsm-content-scrollbar\">\n\t\t\t\t\t\t\t\t<span>Master organ builder<\/span><h2>Oliver Schulte<\/h2><p>Proprietor and creative head of Orgelbau Schulte. Rethinker. Forges concepts and casts them in form. He sees himself as a craftsman with the privilege of giving artists their musical tool.<\/p>\n<p>In the company since 1997, 2004 master, 2005 MBA (Betriebswirt HWK), proprietor since 2007<\/p>\n\t\t\t\t\t\t\t<\/div>\n\t\t\t\t\t\t<\/div>\n\t\t\t\t\t<\/div>\n\t\t\t\t\t<div class=\"awsm-personal-contact-info\">\n\t\t\t\t\t   <div class=\"awsm-contact-details\"><p><span>phone:<\/span><a href=\"tel:+49 2207 910485\">+49 2207 910485<\/a><\/p><p><span>mobile:<\/span><a href=\"tel:+49 178 7600112\">+49 178 7600112<\/a><\/p><\/div><div class=\"awsm-social-icons\"><span><a href=\"mailto:info@orgelbau-schulte.de\"><i class=\"awsm-icon-mail\" aria-hidden=\"true\"><\/i><\/a><\/span><span><a href=\"http:\/\/facebook.com\/oliver.schulte2\" target=\"_blank\"><i class=\"awsm-icon-facebook\" aria-hidden=\"true\"><\/i><\/a><\/span><\/div>\t\t\t\t\t<\/div>\n\t\t\t\t<\/div>\n\t\t\t<\/div>\n\t\t\t\t\t\t\t<div id=\"awsm-member-info-16627-16630\"  class=\"awsm-grid-expander style-1\">\n\t\t\t\t<div class=\"awsm-detailed-info\" id=\"awsm-grid-content-16630\">\n\t\t\t\t\t<div class=\"awsm-details\">\n\t\t\t\t\t\t<div class=\"awsm-personal-details\">\n\t\t\t\t\t\t\t<div class=\"awsm-content-scrollbar\">\n\t\t\t\t\t\t\t\t<span>Organ builder<\/span><h2>Sonja F\u00fc\u00dfmann<\/h2><p>Head of the workshop and a real doer with a trained eye for the details. Long term experience in metal pipe building. Expert for pipe restoration and voicing.<\/p>\n<p>Working at Schulte since 2003<\/p>\n\t\t\t\t\t\t\t<\/div>\n\t\t\t\t\t\t<\/div>\n\t\t\t\t\t<\/div>\n\t\t\t\t\t<div class=\"awsm-personal-contact-info\">\n\t\t\t\t\t   \t\t\t\t\t<\/div>\n\t\t\t\t<\/div>\n\t\t\t<\/div>\n\t\t\t\t\t\t\t<div id=\"awsm-member-info-16627-16637\"  class=\"awsm-grid-expander style-1\">\n\t\t\t\t<div class=\"awsm-detailed-info\" id=\"awsm-grid-content-16637\">\n\t\t\t\t\t<div class=\"awsm-details\">\n\t\t\t\t\t\t<div class=\"awsm-personal-details\">\n\t\t\t\t\t\t\t<div class=\"awsm-content-scrollbar\">\n\t\t\t\t\t\t\t\t<span>Founder<\/span><h2>Siegfried Schulte<\/h2><p>Founded Orgelbau Schulte after working 25 years for a Cologne - based company. Although handicapped by his artificial hips, he is still full of unbridled enthusiasm.<br \/>\n<br \/>\nFounded Orgelbau Schulte in 1978<\/p>\n\t\t\t\t\t\t\t<\/div>\n\t\t\t\t\t\t<\/div>\n\t\t\t\t\t<\/div>\n\t\t\t\t\t<div class=\"awsm-personal-contact-info\">\n\t\t\t\t\t   \t\t\t\t\t<\/div>\n\t\t\t\t<\/div>\n\t\t\t<\/div>\n\t\t\t\t\t\t<\/div>\n\t<\/div>\n\t<\/div>","protected":false},"excerpt":{"rendered":"Gr\u00fcndete nach 25 Jahren Orgelbau bei einer K\u00f6lner Firma Orgelbau Schulte. Steht mit Rat und Tat (lediglich eingeschr\u00e4nkt durch zwei neue H\u00fcften) zur Seite. Immer noch Feuer und Flamme. Gr\u00fcndete 1978 Orgelbau Schulte","protected":false},"author":1,"featured_media":0,"parent":0,"menu_order":0,"comment_status":"closed","ping_status":"closed","template":"","meta":[],"_links":{"self":[{"href":"http:\/\/orgelbau-schulte.de\/en\/wp-json\/wp\/v2\/pages\/16638"}],"collection":[{"href":"http:\/\/orgelbau-schulte.de\/en\/wp-json\/wp\/v2\/pages"}],"about":[{"href":"http:\/\/orgelbau-schulte.de\/en\/wp-json\/wp\/v2\/types\/page"}],"author":[{"embeddable":true,"href":"http:\/\/orgelbau-schulte.de\/en\/wp-json\/wp\/v2\/users\/1"}],"replies":[{"embeddable":true,"href":"http:\/\/orgelbau-schulte.de\/en\/wp-json\/wp\/v2\/comments?post=16638"}],"version-history":[{"count":1,"href":"http:\/\/orgelbau-schulte.de\/en\/wp-json\/wp\/v2\/pages\/16638\/revisions"}],"predecessor-version":[{"id":16639,"href":"http:\/\/orgelbau-schulte.de\/en\/wp-json\/wp\/v2\/pages\/16638\/revisions\/16639"}],"wp:attachment":[{"href":"http:\/\/orgelbau-schulte.de\/en\/wp-json\/wp\/v2\/media?parent=16638"}],"curies":[{"name":"wp","href":"https:\/\/api.w.org\/{rel}","templated":true}]}}