{"id":15250,"date":"2015-05-12T13:39:47","date_gmt":"2015-05-12T13:39:47","guid":{"rendered":"http:\/\/demo.qodeinteractive.com\/bridge108\/?page_id=15250"},"modified":"2019-07-11T15:05:26","modified_gmt":"2019-07-11T15:05:26","slug":"home-7","status":"publish","type":"page","link":"http:\/\/orgelbau-schulte.de\/en\/","title":{"rendered":"Home"},"content":{"rendered":"<p>[vc_row css_animation=&#8220;&#8220; row_type=&#8220;row&#8220; use_row_as_full_screen_section=&#8220;no&#8220; type=&#8220;full_width&#8220; angled_section=&#8220;no&#8220; text_align=&#8220;center&#8220; background_image_as_pattern=&#8220;without_pattern&#8220; padding_top=&#8220;83&#8243; padding_bottom=&#8220;82&#8243;][vc_column][vc_column_text]<\/p>\n<h2>FRISCHER WIND &#8211; ORGELKONZEPTE DER GEGENWART<\/h2>\n<p>[\/vc_column_text][vc_separator type=&#8220;transparent&#8220; up=&#8220;25&#8243; down=&#8220;0&#8243;][vc_column_text]Wir sind spezialisiert auf die Ausarbeitung von Orgelkonzepten aller Art und k\u00f6nnen auf \u00fcber 30 Jahre Erfahrung in Neubau und Restaurierung zur\u00fcckblicken.<br \/>\nOur willingness not to exclude unconventional methods enables us to find solutions for even difficult, more technical organ-building challenges.<br \/>\nAusserdem verf\u00fcgen wir \u00fcber ein weites Netzwerk vor allem im anglo-amerikanischen Raum. Dies erlaubt uns die Realisierung spannender, wegweisender Konzepte.[\/vc_column_text][\/vc_column][\/vc_row][vc_row row_type=&#8220;parallax&#8220; parallax_content_width=&#8220;full_width&#8220; text_align=&#8220;left&#8220; full_screen_section_height=&#8220;no&#8220; background_image=&#8220;17045&#8243;][vc_column][vc_empty_space height=&#8220;200&#8243;][\/vc_column][\/vc_row][vc_row css_animation=&#8220;&#8220; row_type=&#8220;row&#8220; use_row_as_full_screen_section=&#8220;no&#8220; type=&#8220;grid&#8220; angled_section=&#8220;no&#8220; text_align=&#8220;center&#8220; background_image_as_pattern=&#8220;without_pattern&#8220;][vc_column][vc_column_text css=&#8220;.vc_custom_1560722686508{margin-top: 50px !important;}&#8220;]<\/p>\n<h2>recent news at schulte<\/h2>\n<p>[\/vc_column_text][vc_separator type=&#8220;transparent&#8220; up=&#8220;50&#8243; down=&#8220;0&#8243;][\/vc_column][vc_column]<div class='q_masonry_blog'><div class=\"q_masonry_blog_grid_sizer\"><\/div><div class=\"q_masonry_blog_grid_gutter\"><\/div><article  class='post-17607 post type-post status-publish format-standard has-post-thumbnail hentry category-aktuell category-projekte category-renovierung tag-klais tag-reinigung'><div class=\"q_masonry_blog_post_image\"><a itemprop=\"url\" href=\"http:\/\/orgelbau-schulte.de\/en\/reinigung-unserer-klais\/\" target=\"_self\"><img itemprop=\"image\" src=\"http:\/\/orgelbau-schulte.de\/wp-content\/uploads\/2019\/07\/kbh.jpg\" \/><\/a><\/div><div class=\"q_masonry_blog_post_text\"><h5 itemprop=\"name\" class=\"q_masonry_blog_title entry_title\"><a itemprop=\"url\" href=\"http:\/\/orgelbau-schulte.de\/en\/reinigung-unserer-klais\/\">Overhaul of \"our\" Klais<\/a><\/h5><p itemprop=\"description\" class=\"q_masonry_blog_excerpt\">2003 hatten wir das Vergn\u00fcgen, mit der Klais-Orgel von 1889 ein Instrument restaurieren zu k\u00f6nnen, das immer noch eine Referenz auf diesem Gebiet darstellt. Urspr\u00fcnglich f\u00fcr das Bonner Collegium Josephinum erbaut, erstanden wir sie in einem bedauernswerten Zustand aus dem Kloster Geistingen, bis wir einige......<\/p><div class=\"q_masonry_blog_post_info\"><span itemprop=\"dateCreated\" class=\"time entry_date updated\">07 March, 2019<meta itemprop=\"interactionCount\" content=\"UserComments: <?php echo get_comments_number(qode_get_page_id()); ?>\"\/><\/span><\/div><\/div><\/article><article  class='post-17673 post type-post status-publish format-standard has-post-thumbnail hentry category-gbusa category-projekte category-restrukturierungumbau tag-bad-sooden-allendorf tag-englische-orgeln tag-queen-an-der-werra'><div class=\"q_masonry_blog_post_image\"><a itemprop=\"url\" href=\"http:\/\/orgelbau-schulte.de\/en\/weihe-der-queen-an-der-werra\/\" target=\"_self\"><img itemprop=\"image\" src=\"http:\/\/orgelbau-schulte.de\/wp-content\/uploads\/2019\/07\/bsa.jpg\" \/><\/a><\/div><div class=\"q_masonry_blog_post_text\"><h5 itemprop=\"name\" class=\"q_masonry_blog_title entry_title\"><a itemprop=\"url\" href=\"http:\/\/orgelbau-schulte.de\/en\/weihe-der-queen-an-der-werra\/\">King trifft Queen &#8211; Weihe der &#8222;Queen an der Werra&#8220;<\/a><\/h5><p itemprop=\"description\" class=\"q_masonry_blog_excerpt\">Am Sonntag, den 3.6.2018 war es soweit &#8211; nach 5 Jahren Vorbereitung wurde unsere neue Orgel in der St. Crucis-Kirche zu Bad Sooden-Allendorf, die &#8222;Queen an der Werra&#8220;, feierlich eingeweiht. Alle Beteiligte, allen voran die Pfarrer der Kirche St. Crucis Hubertus Spill und Thomas Schanze,......<\/p><div class=\"q_masonry_blog_post_info\"><span itemprop=\"dateCreated\" class=\"time entry_date updated\">03 June, 2018<meta itemprop=\"interactionCount\" content=\"UserComments: <?php echo get_comments_number(qode_get_page_id()); ?>\"\/><\/span><\/div><\/div><\/article><article  class='post-411 post type-post status-publish format-standard hentry category-allgemein category-schulte-intern tag-bad-sooden-allendorf tag-dortmund-st-petri tag-gda2018 tag-gdotagung tag-jahresruckblick tag-jardine tag-marialinden tag-schwerte-ergste tag-symposium tag-walker tag-wermelskirchen'><div class=\"q_masonry_blog_post_image\"><\/div><div class=\"q_masonry_blog_post_text\"><h5 itemprop=\"name\" class=\"q_masonry_blog_title entry_title\"><a itemprop=\"url\" href=\"http:\/\/orgelbau-schulte.de\/en\/jahresrueck-und-ausblick-end-of-the-year-review-and-outlook-20172018\/\">Jahresr\u00fcck- und ausblick<\/a><\/h5><p itemprop=\"description\" class=\"q_masonry_blog_excerpt\">Orgelbau Schulte w\u00fcnscht Ihnen \/ Euch ein Frohes Neues Jahr 2018 &#8211; Zeit f\u00fcr unseren Jahresaus-\/r\u00fcckblick. Der R\u00dcCKBLICK Ganz im Rampenlicht standen 2017 nat\u00fcrlich die Werkstattarbeiten an unserer &#8222;Queen an der Werra&#8220;. Meilensteine des Projekts waren die Ausf\u00fchrung der endg\u00fcltigen Disposition und nat\u00fcrlich der Beschluss......<\/p><div class=\"q_masonry_blog_post_info\"><span itemprop=\"dateCreated\" class=\"time entry_date updated\">02 January, 2018<meta itemprop=\"interactionCount\" content=\"UserComments: <?php echo get_comments_number(qode_get_page_id()); ?>\"\/><\/span><\/div><\/div><\/article><\/div>[\/vc_column][\/vc_row][vc_row row_type=&#8220;parallax&#8220; parallax_content_width=&#8220;full_width&#8220; text_align=&#8220;left&#8220; full_screen_section_height=&#8220;no&#8220; background_image=&#8220;17044&#8243;][vc_column][vc_empty_space height=&#8220;200&#8243;][\/vc_column][\/vc_row][vc_row css_animation=&#8220;&#8220; row_type=&#8220;row&#8220; use_row_as_full_screen_section=&#8220;no&#8220; type=&#8220;grid&#8220; angled_section=&#8220;no&#8220; text_align=&#8220;center&#8220; background_image_as_pattern=&#8220;without_pattern&#8220; background_color=&#8220;#f7f7f7&#8243; padding_top=&#8220;80&#8243; padding_bottom=&#8220;30&#8243;][vc_column][vc_column_text]<\/p>\n<h2>planning \/ building stage<\/h2>\n<p>[\/vc_column_text][vc_separator type=&#8220;normal&#8220;][vc_row_inner row_type=&#8220;row&#8220; type=&#8220;full_width&#8220; text_align=&#8220;left&#8220; css_animation=&#8220;&#8220;][vc_column_inner]<div class='q_masonry_blog'><div class=\"q_masonry_blog_grid_sizer\"><\/div><div class=\"q_masonry_blog_grid_gutter\"><\/div><article  class='post-17607 post type-post status-publish format-standard has-post-thumbnail hentry category-aktuell category-projekte category-renovierung tag-klais tag-reinigung'><div class=\"q_masonry_blog_post_image\"><a itemprop=\"url\" href=\"http:\/\/orgelbau-schulte.de\/en\/reinigung-unserer-klais\/\" target=\"_self\"><img itemprop=\"image\" src=\"http:\/\/orgelbau-schulte.de\/wp-content\/uploads\/2019\/07\/kbh.jpg\" \/><\/a><\/div><div class=\"q_masonry_blog_post_text\"><h5 itemprop=\"name\" class=\"q_masonry_blog_title entry_title\"><a itemprop=\"url\" href=\"http:\/\/orgelbau-schulte.de\/en\/reinigung-unserer-klais\/\">Overhaul of \"our\" Klais<\/a><\/h5><p itemprop=\"description\" class=\"q_masonry_blog_excerpt\">2003 hatten wir das Vergn\u00fcgen, mit der Klais-Orgel von 1889 ein Instrument restaurieren zu k\u00f6nnen,...<\/p><div class=\"q_masonry_blog_post_info\"><\/div><\/div><\/article><article  class='post-370 post type-post status-publish format-standard has-post-thumbnail hentry category-aktuell category-gbusa category-projekte category-restrukturierungumbau tag-englische-orgeln tag-jardine tag-manchester tag-soegel'><div class=\"q_masonry_blog_post_image\"><a itemprop=\"url\" href=\"http:\/\/orgelbau-schulte.de\/en\/englischer-orgelklang-im-emsland-english-organ-sound-in-emsland\/\" target=\"_self\"><img itemprop=\"image\" src=\"http:\/\/orgelbau-schulte.de\/wp-content\/uploads\/2017\/05\/s\u00f6gel-st-jakobus-1.jpg\" \/><\/a><\/div><div class=\"q_masonry_blog_post_text\"><h5 itemprop=\"name\" class=\"q_masonry_blog_title entry_title\"><a itemprop=\"url\" href=\"http:\/\/orgelbau-schulte.de\/en\/englischer-orgelklang-im-emsland-english-organ-sound-in-emsland\/\">English organ sound in Emsland<\/a><\/h5><p itemprop=\"description\" class=\"q_masonry_blog_excerpt\">Ein weiteres Instrument mit englischen Wurzeln wird demn\u00e4chst in unserer Werkst\u00e4tte entstehen und ...<\/p><div class=\"q_masonry_blog_post_info\"><\/div><\/div><\/article><\/div>[\/vc_column_inner][\/vc_row_inner][\/vc_column][\/vc_row][vc_row css_animation=&#8220;&#8220; row_type=&#8220;row&#8220; use_row_as_full_screen_section=&#8220;no&#8220; type=&#8220;full_width&#8220; angled_section=&#8220;no&#8220; text_align=&#8220;left&#8220; background_image_as_pattern=&#8220;without_pattern&#8220;][vc_column][vc_separator type=&#8220;normal&#8220;][\/vc_column][\/vc_row][vc_row css_animation=&#8220;&#8220; row_type=&#8220;row&#8220; use_row_as_full_screen_section=&#8220;no&#8220; type=&#8220;full_width&#8220; angled_section=&#8220;no&#8220; text_align=&#8220;left&#8220; background_image_as_pattern=&#8220;without_pattern&#8220;][vc_column][vc_column_text css=&#8220;.vc_custom_1560722783300{margin-bottom: 20px !important;}&#8220;]<\/p>\n<h2 style=\"text-align: center;\">Company Principles<\/h2>\n<p>[\/vc_column_text][\/vc_column][\/vc_row][vc_row row_type=&#8220;parallax&#8220; parallax_content_width=&#8220;full_width&#8220; in_content_menu=&#8220;in_content_menu&#8220; content_menu_icon=&#8220;&#8220; text_align=&#8220;center&#8220; full_screen_section_height=&#8220;no&#8220; background_image=&#8220;16574&#8243; section_height=&#8220;450&#8243; css=&#8220;.vc_custom_1561576615891{background-color: #aaaaaa !important;}&#8220;][vc_column width=&#8220;1\/3&#8243;][vc_separator type=&#8220;transparent&#8220;]<div class='q_icon_with_title tiny circle center'><div class=\"icon_holder q_icon_animation\" style=\"margin: 0 0 40px 0; \"><span data-icon-type=\"circle\" data-icon-hover-color=\"#222222\"  class=\"qode_iwt_icon_holder fa-stack fa-lg\" style=\"font-size: 36px;\"><span aria-hidden=\"true\" class=\"qode_icon_font_elegant icon_pencil qode_iwt_icon_element\" style=\"color: #d1d1d1;\" ><\/span><\/span><\/div><div class=\"icon_text_holder\" style=\"\"><div class=\"icon_text_inner\" style=\"\"><h5 class=\"icon_title\" style=\"color: #ffffff;font-weight: 600;\">DESIGN<\/h5><p style='color: #ffffff'>Wir bauen Orgeln im Heute. Design ist Chefsache.<\/p><\/div><\/div><\/div>[vc_separator type=&#8220;transparent&#8220;]<div class='q_icon_with_title tiny circle center'><div class=\"icon_holder\" style=\" \"><span data-icon-type=\"circle\" data-icon-hover-color=\"#dd9933\"  class=\"qode_iwt_icon_holder fa-stack fa-lg\" style=\"font-size: 36px;\"><span aria-hidden=\"true\" class=\"qode_icon_font_elegant icon_calulator qode_iwt_icon_element\" style=\"\" ><\/span><\/span><\/div><div class=\"icon_text_holder\" style=\"\"><div class=\"icon_text_inner\" style=\"\"><h5 class=\"icon_title\" style=\"color: #ffffff;\">Fair pricing<\/h5><p style='color: #ffffff'>A sustainable development ensures that we are dealing on eye-to-eye level with our customers.<\/p><\/div><\/div><\/div>[\/vc_column][vc_column width=&#8220;1\/3&#8243;][vc_separator type=&#8220;transparent&#8220;]<div class='q_icon_with_title tiny circle center'><div class=\"icon_holder q_icon_animation\" style=\"margin: 0 0 40px 0; \"><span data-icon-type=\"circle\" data-icon-hover-color=\"#eeee22\"  class=\"qode_iwt_icon_holder fa-stack fa-lg\" style=\"font-size: 36px;\"><span aria-hidden=\"true\" class=\"qode_icon_font_elegant icon_lightbulb qode_iwt_icon_element\" style=\"color: #d1d1d1;\" ><\/span><\/span><\/div><div class=\"icon_text_holder\" style=\"\"><div class=\"icon_text_inner\" style=\"\"><h5 class=\"icon_title\" style=\"color: #ffffff;font-weight: 600;\">Ideas<\/h5><p style='color: #ffffff'>Wir machen es m\u00f6glich - mit offenem Blick und Kreativit\u00e4t.<\/p><\/div><\/div><\/div>[vc_separator type=&#8220;transparent&#8220;]<div class='q_icon_with_title tiny circle center'><div class=\"icon_holder\" style=\"margin: 0 0 40px 0; \"><span data-icon-type=\"circle\" data-icon-hover-color=\"#dd3333\"  class=\"qode_iwt_icon_holder fa-stack fa-lg\" style=\"font-size: 36px;\"><span aria-hidden=\"true\" class=\"qode_icon_font_elegant icon_heart qode_iwt_icon_element\" style=\"\" ><\/span><\/span><\/div><div class=\"icon_text_holder\" style=\"\"><div class=\"icon_text_inner\" style=\"\"><h5 class=\"icon_title\" style=\"color: #ffffff;\">Open view<\/h5><p style='color: #ffffff'>We maintain an open, friendly and honest attitude both with our business partners and our employees.<\/p><\/div><\/div><\/div>[\/vc_column][vc_column width=&#8220;1\/3&#8243;][vc_separator type=&#8220;transparent&#8220;]<div class='q_icon_with_title tiny circle center'><div class=\"icon_holder q_icon_animation\" style=\"margin: 0 0 40px 0; \"><span data-icon-type=\"circle\" data-icon-hover-color=\"#9eb3bf\"  class=\"qode_iwt_icon_holder fa-stack fa-lg\" style=\"font-size: 36px;\"><span aria-hidden=\"true\" class=\"qode_icon_font_elegant icon_tool qode_iwt_icon_element\" style=\"color: #d1d1d1;\" ><\/span><\/span><\/div><div class=\"icon_text_holder\" style=\"\"><div class=\"icon_text_inner\" style=\"\"><h5 class=\"icon_title\" style=\"color: #ffffff;\">Quality<\/h5><p style='color: #ffffff'>15 Jahre Garantie auf unsere Instrumente und 40 Jahre Erfahrung in den verschiedensten Ebenen des Orgelbaus<\/p><\/div><\/div><\/div>[vc_separator type=&#8220;transparent&#8220;]<div class='q_icon_with_title tiny circle center'><div class=\"icon_holder q_icon_animation\" style=\" \"><span data-icon-type=\"circle\" data-icon-hover-color=\"#81d742\"  class=\"qode_iwt_icon_holder fa-stack fa-lg\" style=\"font-size: 36px;\"><span aria-hidden=\"true\" class=\"qode_icon_font_elegant icon_music qode_iwt_icon_element\" style=\"\" ><\/span><\/span><\/div><div class=\"icon_text_holder\" style=\"\"><div class=\"icon_text_inner\" style=\"\"><h5 class=\"icon_title\" style=\"color: #ffffff;\">Sustainability<\/h5><p style='color: #ffffff'>We are aware that our works need to be legitimate in terms of musicality and craftsmanship even after 100 years.<\/p><\/div><\/div><\/div>[\/vc_column][\/vc_row][vc_row css_animation=&#8220;&#8220; row_type=&#8220;row&#8220; use_row_as_full_screen_section=&#8220;no&#8220; type=&#8220;grid&#8220; angled_section=&#8220;no&#8220; text_align=&#8220;left&#8220; background_image_as_pattern=&#8220;without_pattern&#8220; padding_top=&#8220;65&#8243; padding_bottom=&#8220;30&#8243;][vc_column width=&#8220;1\/2&#8243;][vc_single_image image=&#8220;16559&#8243; img_size=&#8220;full&#8220; alignment=&#8220;center&#8220; qode_css_animation=&#8220;element_from_fade&#8220; transition_delay=&#8220;0.3&#8243;][vc_separator type=&#8220;transparent&#8220; up=&#8220;30&#8243; down=&#8220;0&#8243;][\/vc_column][vc_column width=&#8220;1\/2&#8243;][vc_separator type=&#8220;transparent&#8220; up=&#8220;70&#8243; down=&#8220;0&#8243;][vc_column_text]<\/p>\n<h2>English and American instruments<\/h2>\n<p>[\/vc_column_text][vc_separator type=&#8220;transparent&#8220; up=&#8220;30&#8243; down=&#8220;0&#8243;][vc_column_text]Egal, ob komplette Restaurierung oder Teilneubau &#8211; Dank unseres internationalen Netzwerkes k\u00f6nnen wir jederzeit auf \u00fcber 50 Instrumente in allen Gr\u00f6\u00dfen und Preisklassen zugreifen. Von kleineren Instrumenten (z.B. als Chororgel) \u00a0bis hin zum Gro\u00dfprojekt ist alles m\u00f6glich![\/vc_column_text][vc_separator type=&#8220;transparent&#8220; up=&#8220;40&#8243; down=&#8220;0&#8243;]<a  itemprop=\"url\" href=\"http:\/\/orgelbau-schulte.de\/en\/remastered\/\" target=\"_self\"  class=\"qbutton  default\" style=\"border-radius: 0px;-moz-border-radius: 0px;-webkit-border-radius: 0px; \">More<\/a>[vc_separator type=&#8220;transparent&#8220; up=&#8220;30&#8243; down=&#8220;0&#8243;][\/vc_column][\/vc_row]<\/p>","protected":false},"excerpt":{"rendered":"<p>[vc_row css_animation=&#8220;&#8220; row_type=&#8220;row&#8220; use_row_as_full_screen_section=&#8220;no&#8220; type=&#8220;full_width&#8220; angled_section=&#8220;no&#8220; text_align=&#8220;center&#8220; background_image_as_pattern=&#8220;without_pattern&#8220; padding_top=&#8220;83&#8243; padding_bottom=&#8220;82&#8243;][vc_column][vc_column_text] FRISCHER WIND &#8211; ORGELKONZEPTE DER GEGENWART [\/vc_column_text][vc_separator type=&#8220;transparent&#8220; up=&#8220;25&#8243; down=&#8220;0&#8243;][vc_column_text]Wir sind spezialisiert auf die Ausarbeitung von Orgelkonzepten aller Art und k\u00f6nnen auf \u00fcber 30 Jahre Erfahrung in Neubau und Restaurierung zur\u00fcckblicken. Unsere Bereitschaft auch unkonventionelle&#8230;<\/p>","protected":false},"author":1,"featured_media":0,"parent":0,"menu_order":0,"comment_status":"open","ping_status":"open","template":"full_width.php","meta":[],"_links":{"self":[{"href":"http:\/\/orgelbau-schulte.de\/en\/wp-json\/wp\/v2\/pages\/15250"}],"collection":[{"href":"http:\/\/orgelbau-schulte.de\/en\/wp-json\/wp\/v2\/pages"}],"about":[{"href":"http:\/\/orgelbau-schulte.de\/en\/wp-json\/wp\/v2\/types\/page"}],"author":[{"embeddable":true,"href":"http:\/\/orgelbau-schulte.de\/en\/wp-json\/wp\/v2\/users\/1"}],"replies":[{"embeddable":true,"href":"http:\/\/orgelbau-schulte.de\/en\/wp-json\/wp\/v2\/comments?post=15250"}],"version-history":[{"count":117,"href":"http:\/\/orgelbau-schulte.de\/en\/wp-json\/wp\/v2\/pages\/15250\/revisions"}],"predecessor-version":[{"id":17706,"href":"http:\/\/orgelbau-schulte.de\/en\/wp-json\/wp\/v2\/pages\/15250\/revisions\/17706"}],"wp:attachment":[{"href":"http:\/\/orgelbau-schulte.de\/en\/wp-json\/wp\/v2\/media?parent=15250"}],"curies":[{"name":"wp","href":"https:\/\/api.w.org\/{rel}","templated":true}]}}